{"id":1552,"date":"2021-02-05T17:48:22","date_gmt":"2021-02-05T17:48:22","guid":{"rendered":"https:\/\/welcometoangola.co.ao\/?page_id=1552"},"modified":"2021-06-10T16:21:05","modified_gmt":"2021-06-10T16:21:05","slug":"sobre","status":"publish","type":"page","link":"https:\/\/welcometoangola.co.ao\/en\/sobre\/","title":{"rendered":"About"},"content":{"rendered":"<p>Portal Welcome to Angola was created by the hands of Paulo Costa, who is deeply in love with Angola, the spirit of its people and the beauty of the country.<\/p>\n\n\n\n<p>On October 25, 2018, unexpectedly, Paulo Costa passed away and the Welcome to Angola project lost its glow until it went offline.<\/p>\n\n\n\n<p>In January 2021, Tech Africa, a technology company headquartered in Angola and owner of the AngoCasa, AngoCarro, Quitanda and Boa Estadia portals, decided that Welcome to Angola could and should be recovered.<\/p>\n\n\n\n<p>Because, like Paulo Costa, Tech Africa also believes in Angola and in the potential of its people. Recovering Welcome to Angola is also a tribute from the Angolan technology sector to one of its most committed entrepreneurs.<\/p>\n\n\n\n<div class=\"wp-block-image\"><figure class=\"alignright size-large is-resized\"><img decoding=\"async\" loading=\"lazy\" src=\"https:\/\/welcometoangola.co.ao\/wp-content\/uploads\/2021\/02\/paulo-costa-welcome-to-angola.jpg\" alt=\"paulo costa welcome to angola\" class=\"wp-image-1553\" width=\"418\" height=\"419\" srcset=\"https:\/\/welcometoangola.co.ao\/wp-content\/uploads\/2021\/02\/paulo-costa-welcome-to-angola.jpg 766w, https:\/\/welcometoangola.co.ao\/wp-content\/uploads\/2021\/02\/paulo-costa-welcome-to-angola-300x300.jpg 300w, https:\/\/welcometoangola.co.ao\/wp-content\/uploads\/2021\/02\/paulo-costa-welcome-to-angola-150x150.jpg 150w\" sizes=\"(max-width: 418px) 100vw, 418px\" \/><figcaption>Paulo Costa<\/figcaption><\/figure><\/div>\n\n\n\n<p>Welcome To Angola is a guide about Angola and its provinces, which consists of informative supports, maps, maps and online guides, whose main objective is to make known our beautiful country and, at the same time, disseminate and promote the products and Angolan services.<br><br>Welcome To Angola Portal is also present on social networks, namely on Facebook, at facebook.com\/welcometo.guide.<br><br>In any of the supports, Welcome To Angola is an asset for those who want to travel in\/or to Angola, as well as for those involved, by valuing information about:<br><br>\u2022 Companies (products and services)<br>\u2022 Places to visit<br>\u2022 Gastronomy<br>\u2022 Culture<br>\u2022 Nature<br>\u2022 Leisure<br><br>Visitors to the Welcome To Angola Portal will find useful information, tips and suggestions for their trips to Angola or Angola. Sleeping, Eating, Leisure, Traveling, Shopping, etc. are the main areas where you can find the best places, hotels, restaurants, bars, companies, events, among many other suggestions.<br><br>Visitors to the Welcome To Angola Portal can also register \u201conline\u201d so that they can create, manage and save their lists of places they have visited or intend to visit in Angola; share our content with friends and family via email or social networks; and receive our news.<\/p>","protected":false},"excerpt":{"rendered":"<p>Portal Welcome to Angola was created by the hands of Paulo Costa, who is deeply in love with Angola, the spirit of its people and the beauty of the country. On October 25, 2018, unexpectedly, Paulo Costa passed away and the Welcome to Angola project lost its glow until it went offline. In January 2021, Tech Africa, company \u2026<\/p>","protected":false},"author":1,"featured_media":0,"parent":0,"menu_order":0,"comment_status":"closed","ping_status":"closed","template":"","meta":{"ngg_post_thumbnail":0},"acf":[],"yoast_head":"<!-- This site is optimized with the Yoast SEO Premium plugin v18.0 (Yoast SEO v22.3) - https:\/\/yoast.com\/wordpress\/plugins\/seo\/ -->\n<title>Sobre - Welcome to Angola<\/title>\n<meta name=\"robots\" content=\"index, follow, max-snippet:-1, max-image-preview:large, max-video-preview:-1\" \/>\n<link rel=\"canonical\" href=\"https:\/\/welcometoangola.co.ao\/en\/sobre\/\" \/>\n<meta property=\"og:locale\" content=\"en_GB\" \/>\n<meta property=\"og:type\" content=\"article\" \/>\n<meta property=\"og:title\" content=\"Sobre\" \/>\n<meta property=\"og:description\" content=\"O Portal Welcome to Angola surgiu pelas m\u00e3os de Paulo Costa, um profundo apaixonado por Angola, pelo esp\u00edrito do seu povo e pela beleza do pa\u00eds. A 25 de Outubro de 2018, de forma inesperada, Paulo Costa faleceu e o projecto Welcome to Angola perdeu o seu fulgor at\u00e9 que ficou offline. Em Janeiro de 2021, a Tech Africa, empresa &hellip;\" \/>\n<meta property=\"og:url\" content=\"https:\/\/welcometoangola.co.ao\/en\/sobre\/\" \/>\n<meta property=\"og:site_name\" content=\"Welcome to Angola\" \/>\n<meta property=\"article:publisher\" content=\"https:\/\/www.facebook.com\/welcometoangola.guide\" \/>\n<meta property=\"article:modified_time\" content=\"2021-06-10T16:21:05+00:00\" \/>\n<meta property=\"og:image\" content=\"https:\/\/welcometoangola.co.ao\/wp-content\/uploads\/2021\/02\/paulo-costa-welcome-to-angola.jpg\" \/>\n<meta name=\"twitter:card\" content=\"summary_large_image\" \/>\n<meta name=\"twitter:label1\" content=\"Estimated reading time\" \/>\n\t<meta name=\"twitter:data1\" content=\"2 minutes\" \/>\n<script type=\"application\/ld+json\" class=\"yoast-schema-graph\">{\"@context\":\"https:\/\/schema.org\",\"@graph\":[{\"@type\":\"WebPage\",\"@id\":\"https:\/\/welcometoangola.co.ao\/sobre\/\",\"url\":\"https:\/\/welcometoangola.co.ao\/sobre\/\",\"name\":\"Sobre - Welcome to Angola\",\"isPartOf\":{\"@id\":\"https:\/\/welcometoangola.co.ao\/#website\"},\"primaryImageOfPage\":{\"@id\":\"https:\/\/welcometoangola.co.ao\/sobre\/#primaryimage\"},\"image\":{\"@id\":\"https:\/\/welcometoangola.co.ao\/sobre\/#primaryimage\"},\"thumbnailUrl\":\"https:\/\/welcometoangola.co.ao\/wp-content\/uploads\/2021\/02\/paulo-costa-welcome-to-angola.jpg\",\"datePublished\":\"2021-02-05T17:48:22+00:00\",\"dateModified\":\"2021-06-10T16:21:05+00:00\",\"breadcrumb\":{\"@id\":\"https:\/\/welcometoangola.co.ao\/sobre\/#breadcrumb\"},\"inLanguage\":\"en-GB\",\"potentialAction\":[{\"@type\":\"ReadAction\",\"target\":[\"https:\/\/welcometoangola.co.ao\/sobre\/\"]}]},{\"@type\":\"ImageObject\",\"inLanguage\":\"en-GB\",\"@id\":\"https:\/\/welcometoangola.co.ao\/sobre\/#primaryimage\",\"url\":\"https:\/\/welcometoangola.co.ao\/wp-content\/uploads\/2021\/02\/paulo-costa-welcome-to-angola.jpg\",\"contentUrl\":\"https:\/\/welcometoangola.co.ao\/wp-content\/uploads\/2021\/02\/paulo-costa-welcome-to-angola.jpg\",\"width\":766,\"height\":767,\"caption\":\"paulo costa welcome to angola\"},{\"@type\":\"BreadcrumbList\",\"@id\":\"https:\/\/welcometoangola.co.ao\/sobre\/#breadcrumb\",\"itemListElement\":[{\"@type\":\"ListItem\",\"position\":1,\"name\":\"In\u00edcio\",\"item\":\"https:\/\/welcometoangola.co.ao\/\"},{\"@type\":\"ListItem\",\"position\":2,\"name\":\"Sobre\"}]},{\"@type\":\"WebSite\",\"@id\":\"https:\/\/welcometoangola.co.ao\/#website\",\"url\":\"https:\/\/welcometoangola.co.ao\/\",\"name\":\"Welcome to Angola\",\"description\":\"Yoast SEO\",\"publisher\":{\"@id\":\"https:\/\/welcometoangola.co.ao\/#organization\"},\"potentialAction\":[{\"@type\":\"SearchAction\",\"target\":{\"@type\":\"EntryPoint\",\"urlTemplate\":\"https:\/\/welcometoangola.co.ao\/?s={search_term_string}\"},\"query-input\":\"required name=search_term_string\"}],\"inLanguage\":\"en-GB\"},{\"@type\":\"Organization\",\"@id\":\"https:\/\/welcometoangola.co.ao\/#organization\",\"name\":\"Welcome to ANgola\",\"url\":\"https:\/\/welcometoangola.co.ao\/\",\"logo\":{\"@type\":\"ImageObject\",\"inLanguage\":\"en-GB\",\"@id\":\"https:\/\/welcometoangola.co.ao\/#\/schema\/logo\/image\/\",\"url\":\"https:\/\/welcometoangola.co.ao\/wp-content\/uploads\/2021\/02\/logo-website-header.png\",\"contentUrl\":\"https:\/\/welcometoangola.co.ao\/wp-content\/uploads\/2021\/02\/logo-website-header.png\",\"width\":456,\"height\":120,\"caption\":\"Welcome to ANgola\"},\"image\":{\"@id\":\"https:\/\/welcometoangola.co.ao\/#\/schema\/logo\/image\/\"},\"sameAs\":[\"https:\/\/www.facebook.com\/welcometoangola.guide\"]}]}<\/script>\n<!-- \/ Yoast SEO Premium plugin. -->","yoast_head_json":{"title":"Sobre - Welcome to Angola","robots":{"index":"index","follow":"follow","max-snippet":"max-snippet:-1","max-image-preview":"max-image-preview:large","max-video-preview":"max-video-preview:-1"},"canonical":"https:\/\/welcometoangola.co.ao\/en\/sobre\/","og_locale":"en_GB","og_type":"article","og_title":"Sobre","og_description":"O Portal Welcome to Angola surgiu pelas m\u00e3os de Paulo Costa, um profundo apaixonado por Angola, pelo esp\u00edrito do seu povo e pela beleza do pa\u00eds. A 25 de Outubro de 2018, de forma inesperada, Paulo Costa faleceu e o projecto Welcome to Angola perdeu o seu fulgor at\u00e9 que ficou offline. Em Janeiro de 2021, a Tech Africa, empresa &hellip;","og_url":"https:\/\/welcometoangola.co.ao\/en\/sobre\/","og_site_name":"Welcome to Angola","article_publisher":"https:\/\/www.facebook.com\/welcometoangola.guide","article_modified_time":"2021-06-10T16:21:05+00:00","og_image":[{"url":"https:\/\/welcometoangola.co.ao\/wp-content\/uploads\/2021\/02\/paulo-costa-welcome-to-angola.jpg"}],"twitter_card":"summary_large_image","twitter_misc":{"Estimated reading time":"2 minutes"},"schema":{"@context":"https:\/\/schema.org","@graph":[{"@type":"WebPage","@id":"https:\/\/welcometoangola.co.ao\/sobre\/","url":"https:\/\/welcometoangola.co.ao\/sobre\/","name":"Sobre - Welcome to Angola","isPartOf":{"@id":"https:\/\/welcometoangola.co.ao\/#website"},"primaryImageOfPage":{"@id":"https:\/\/welcometoangola.co.ao\/sobre\/#primaryimage"},"image":{"@id":"https:\/\/welcometoangola.co.ao\/sobre\/#primaryimage"},"thumbnailUrl":"https:\/\/welcometoangola.co.ao\/wp-content\/uploads\/2021\/02\/paulo-costa-welcome-to-angola.jpg","datePublished":"2021-02-05T17:48:22+00:00","dateModified":"2021-06-10T16:21:05+00:00","breadcrumb":{"@id":"https:\/\/welcometoangola.co.ao\/sobre\/#breadcrumb"},"inLanguage":"en-GB","potentialAction":[{"@type":"ReadAction","target":["https:\/\/welcometoangola.co.ao\/sobre\/"]}]},{"@type":"ImageObject","inLanguage":"en-GB","@id":"https:\/\/welcometoangola.co.ao\/sobre\/#primaryimage","url":"https:\/\/welcometoangola.co.ao\/wp-content\/uploads\/2021\/02\/paulo-costa-welcome-to-angola.jpg","contentUrl":"https:\/\/welcometoangola.co.ao\/wp-content\/uploads\/2021\/02\/paulo-costa-welcome-to-angola.jpg","width":766,"height":767,"caption":"paulo costa welcome to angola"},{"@type":"BreadcrumbList","@id":"https:\/\/welcometoangola.co.ao\/sobre\/#breadcrumb","itemListElement":[{"@type":"ListItem","position":1,"name":"In\u00edcio","item":"https:\/\/welcometoangola.co.ao\/"},{"@type":"ListItem","position":2,"name":"Sobre"}]},{"@type":"WebSite","@id":"https:\/\/welcometoangola.co.ao\/#website","url":"https:\/\/welcometoangola.co.ao\/","name":"Welcome to Angola","description":"Yoast SEO","publisher":{"@id":"https:\/\/welcometoangola.co.ao\/#organization"},"potentialAction":[{"@type":"SearchAction","target":{"@type":"EntryPoint","urlTemplate":"https:\/\/welcometoangola.co.ao\/?s={search_term_string}"},"query-input":"required name=search_term_string"}],"inLanguage":"en-GB"},{"@type":"Organization","@id":"https:\/\/welcometoangola.co.ao\/#organization","name":"Welcome to ANgola","url":"https:\/\/welcometoangola.co.ao\/","logo":{"@type":"ImageObject","inLanguage":"en-GB","@id":"https:\/\/welcometoangola.co.ao\/#\/schema\/logo\/image\/","url":"https:\/\/welcometoangola.co.ao\/wp-content\/uploads\/2021\/02\/logo-website-header.png","contentUrl":"https:\/\/welcometoangola.co.ao\/wp-content\/uploads\/2021\/02\/logo-website-header.png","width":456,"height":120,"caption":"Welcome to ANgola"},"image":{"@id":"https:\/\/welcometoangola.co.ao\/#\/schema\/logo\/image\/"},"sameAs":["https:\/\/www.facebook.com\/welcometoangola.guide"]}]}},"_links":{"self":[{"href":"https:\/\/welcometoangola.co.ao\/en\/wp-json\/wp\/v2\/pages\/1552"}],"collection":[{"href":"https:\/\/welcometoangola.co.ao\/en\/wp-json\/wp\/v2\/pages"}],"about":[{"href":"https:\/\/welcometoangola.co.ao\/en\/wp-json\/wp\/v2\/types\/page"}],"author":[{"embeddable":true,"href":"https:\/\/welcometoangola.co.ao\/en\/wp-json\/wp\/v2\/users\/1"}],"replies":[{"embeddable":true,"href":"https:\/\/welcometoangola.co.ao\/en\/wp-json\/wp\/v2\/comments?post=1552"}],"version-history":[{"count":6,"href":"https:\/\/welcometoangola.co.ao\/en\/wp-json\/wp\/v2\/pages\/1552\/revisions"}],"predecessor-version":[{"id":2078,"href":"https:\/\/welcometoangola.co.ao\/en\/wp-json\/wp\/v2\/pages\/1552\/revisions\/2078"}],"wp:attachment":[{"href":"https:\/\/welcometoangola.co.ao\/en\/wp-json\/wp\/v2\/media?parent=1552"}],"curies":[{"name":"wp","href":"https:\/\/api.w.org\/{rel}","templated":true}]}}